{"id":928,"date":"2025-04-12T08:26:31","date_gmt":"2025-04-12T08:26:31","guid":{"rendered":"https:\/\/arpagian.com\/?page_id=928"},"modified":"2025-05-22T14:44:26","modified_gmt":"2025-05-22T14:44:26","slug":"exhibitions","status":"publish","type":"page","link":"http:\/\/arpagian.com\/fr\/exhibitions\/","title":{"rendered":"Expositions"},"content":{"rendered":"<div data-elementor-type=\"wp-page\" data-elementor-id=\"928\" class=\"elementor elementor-928\" data-elementor-post-type=\"page\">\n\t\t\t\t<div class=\"elementor-element elementor-element-5261129 e-flex e-con-boxed e-con e-parent\" data-id=\"5261129\" data-element_type=\"container\" data-e-type=\"container\">\n\t\t\t\t\t<div class=\"e-con-inner\">\n\t\t\t\t<div class=\"elementor-element elementor-element-e7d5d60 elementor-widget elementor-widget-heading\" data-id=\"e7d5d60\" data-element_type=\"widget\" data-e-type=\"widget\" data-widget_type=\"heading.default\">\n\t\t\t\t\t<h1 class=\"elementor-heading-title elementor-size-default\">Expositions<\/h1>\t\t\t\t<\/div>\n\t\t\t\t\t<\/div>\n\t\t\t\t<\/div>\n\t\t<div class=\"elementor-element elementor-element-26bb8fe e-flex e-con-boxed e-con e-parent\" data-id=\"26bb8fe\" data-element_type=\"container\" data-e-type=\"container\">\n\t\t\t\t\t<div class=\"e-con-inner\">\n\t\t\t\t<div class=\"elementor-element elementor-element-005709c elementor-widget elementor-widget-heading\" data-id=\"005709c\" data-element_type=\"widget\" data-e-type=\"widget\" data-widget_type=\"heading.default\">\n\t\t\t\t\t<h2 class=\"elementor-heading-title elementor-size-default\">EXPOSITIONS INDIVIDUELLES<\/h2>\t\t\t\t<\/div>\n\t\t<div class=\"elementor-element elementor-element-b4e0a93 e-grid e-con-full e-con e-child\" data-id=\"b4e0a93\" data-element_type=\"container\" data-e-type=\"container\">\n\t\t<div class=\"elementor-element elementor-element-e7b593b e-grid e-con-full e-con e-child\" data-id=\"e7b593b\" data-element_type=\"container\" data-e-type=\"container\">\n\t\t\t\t<div class=\"elementor-element elementor-element-281115b elementor-widget elementor-widget-text-editor\" data-id=\"281115b\" data-element_type=\"widget\" data-e-type=\"widget\" data-widget_type=\"text-editor.default\">\n\t\t\t\t\t\t\t\t\t<p>2015<\/p>\t\t\t\t\t\t\t\t<\/div>\n\t\t\t\t<div class=\"elementor-element elementor-element-f300f70 elementor-widget elementor-widget-text-editor\" data-id=\"f300f70\" data-element_type=\"widget\" data-e-type=\"widget\" data-widget_type=\"text-editor.default\">\n\t\t\t\t\t\t\t\t\t<p><a href=\"http:\/\/www.montecarlopoloclub.mc\/\" target=\"_blank\" rel=\"noopener\">Monte Carlo Polo Cup, Monaco<\/a><\/p>\t\t\t\t\t\t\t\t<\/div>\n\t\t\t\t<div class=\"elementor-element elementor-element-3ca300d elementor-widget elementor-widget-text-editor\" data-id=\"3ca300d\" data-element_type=\"widget\" data-e-type=\"widget\" data-widget_type=\"text-editor.default\">\n\t\t\t\t\t\t\t\t\t<p>2015<\/p>\t\t\t\t\t\t\t\t<\/div>\n\t\t\t\t<div class=\"elementor-element elementor-element-10c10e0 elementor-widget elementor-widget-text-editor\" data-id=\"10c10e0\" data-element_type=\"widget\" data-e-type=\"widget\" data-widget_type=\"text-editor.default\">\n\t\t\t\t\t\t\t\t\t<p>Arpagian &amp; Olivier Lapidus, Chagsha China<\/p>\t\t\t\t\t\t\t\t<\/div>\n\t\t\t\t<div class=\"elementor-element elementor-element-d9165c1 elementor-widget elementor-widget-text-editor\" data-id=\"d9165c1\" data-element_type=\"widget\" data-e-type=\"widget\" data-widget_type=\"text-editor.default\">\n\t\t\t\t\t\t\t\t\t<p>2014<\/p>\t\t\t\t\t\t\t\t<\/div>\n\t\t\t\t<div class=\"elementor-element elementor-element-6413a97 elementor-widget elementor-widget-text-editor\" data-id=\"6413a97\" data-element_type=\"widget\" data-e-type=\"widget\" data-widget_type=\"text-editor.default\">\n\t\t\t\t\t\t\t\t\t<p>Empress II, La Dur\u00e9e , Madison Avenue, New York<\/p>\t\t\t\t\t\t\t\t<\/div>\n\t\t\t\t<div class=\"elementor-element elementor-element-cc42faf elementor-widget elementor-widget-text-editor\" data-id=\"cc42faf\" data-element_type=\"widget\" data-e-type=\"widget\" data-widget_type=\"text-editor.default\">\n\t\t\t\t\t\t\t\t\t2014\t\t\t\t\t\t\t\t<\/div>\n\t\t\t\t<div class=\"elementor-element elementor-element-85af7aa elementor-widget elementor-widget-text-editor\" data-id=\"85af7aa\" data-element_type=\"widget\" data-e-type=\"widget\" data-widget_type=\"text-editor.default\">\n\t\t\t\t\t\t\t\t\tMusact Festival, OMAN \t\t\t\t\t\t\t\t<\/div>\n\t\t\t\t<div class=\"elementor-element elementor-element-1200f3f elementor-widget elementor-widget-text-editor\" data-id=\"1200f3f\" data-element_type=\"widget\" data-e-type=\"widget\" data-widget_type=\"text-editor.default\">\n\t\t\t\t\t\t\t\t\t<p>2013<\/p>\t\t\t\t\t\t\t\t<\/div>\n\t\t\t\t<div class=\"elementor-element elementor-element-0f1f5f9 elementor-widget elementor-widget-text-editor\" data-id=\"0f1f5f9\" data-element_type=\"widget\" data-e-type=\"widget\" data-widget_type=\"text-editor.default\">\n\t\t\t\t\t\t\t\t\t<p>Metropolitan Private Club, New York<\/p>\t\t\t\t\t\t\t\t<\/div>\n\t\t\t\t<div class=\"elementor-element elementor-element-3971fee elementor-widget elementor-widget-text-editor\" data-id=\"3971fee\" data-element_type=\"widget\" data-e-type=\"widget\" data-widget_type=\"text-editor.default\">\n\t\t\t\t\t\t\t\t\t2013\t\t\t\t\t\t\t\t<\/div>\n\t\t\t\t<div class=\"elementor-element elementor-element-e3698bb elementor-widget elementor-widget-text-editor\" data-id=\"e3698bb\" data-element_type=\"widget\" data-e-type=\"widget\" data-widget_type=\"text-editor.default\">\n\t\t\t\t\t\t\t\t\t<p>Elys\u00e9es Horlogerie, Maison de joaillerie et Horlogerie Paris<\/p>\t\t\t\t\t\t\t\t<\/div>\n\t\t\t\t<div class=\"elementor-element elementor-element-bb527a5 elementor-widget elementor-widget-text-editor\" data-id=\"bb527a5\" data-element_type=\"widget\" data-e-type=\"widget\" data-widget_type=\"text-editor.default\">\n\t\t\t\t\t\t\t\t\t<p>2013<\/p>\t\t\t\t\t\t\t\t<\/div>\n\t\t\t\t<div class=\"elementor-element elementor-element-723a30c elementor-widget elementor-widget-text-editor\" data-id=\"723a30c\" data-element_type=\"widget\" data-e-type=\"widget\" data-widget_type=\"text-editor.default\">\n\t\t\t\t\t\t\t\t\tMonte Carlo Polo Cup, MonacoaCh\u00e2teau Drouilles, Haute Vienne\t\t\t\t\t\t\t\t<\/div>\n\t\t\t\t<\/div>\n\t\t<div class=\"elementor-element elementor-element-e33f019 e-grid e-con-full e-con e-child\" data-id=\"e33f019\" data-element_type=\"container\" data-e-type=\"container\">\n\t\t\t\t<div class=\"elementor-element elementor-element-9a28add elementor-widget elementor-widget-text-editor\" data-id=\"9a28add\" data-element_type=\"widget\" data-e-type=\"widget\" data-widget_type=\"text-editor.default\">\n\t\t\t\t\t\t\t\t\t<p>2013<\/p>\t\t\t\t\t\t\t\t<\/div>\n\t\t\t\t<div class=\"elementor-element elementor-element-c22d5b9 elementor-widget elementor-widget-text-editor\" data-id=\"c22d5b9\" data-element_type=\"widget\" data-e-type=\"widget\" data-widget_type=\"text-editor.default\">\n\t\t\t\t\t\t\t\t\t<p>Ch\u00e2teau de la Gabie, Haute Vienne<\/p>\t\t\t\t\t\t\t\t<\/div>\n\t\t\t\t<div class=\"elementor-element elementor-element-e3d9c39 elementor-widget elementor-widget-text-editor\" data-id=\"e3d9c39\" data-element_type=\"widget\" data-e-type=\"widget\" data-widget_type=\"text-editor.default\">\n\t\t\t\t\t\t\t\t\t<p>2013<\/p>\t\t\t\t\t\t\t\t<\/div>\n\t\t\t\t<div class=\"elementor-element elementor-element-5c3eb26 elementor-widget elementor-widget-text-editor\" data-id=\"5c3eb26\" data-element_type=\"widget\" data-e-type=\"widget\" data-widget_type=\"text-editor.default\">\n\t\t\t\t\t\t\t\t\t<p>Chapelle Priv\u00e9 , Haute Vienne<\/p>\t\t\t\t\t\t\t\t<\/div>\n\t\t\t\t<div class=\"elementor-element elementor-element-bb0d5a6 elementor-widget elementor-widget-text-editor\" data-id=\"bb0d5a6\" data-element_type=\"widget\" data-e-type=\"widget\" data-widget_type=\"text-editor.default\">\n\t\t\t\t\t\t\t\t\t<p>2012<\/p>\t\t\t\t\t\t\t\t<\/div>\n\t\t\t\t<div class=\"elementor-element elementor-element-98abe9e elementor-widget elementor-widget-text-editor\" data-id=\"98abe9e\" data-element_type=\"widget\" data-e-type=\"widget\" data-widget_type=\"text-editor.default\">\n\t\t\t\t\t\t\t\t\t<p>WEMPE , Maison de joaillerie et Horlogerie P\u00e9kin, China<\/p>\t\t\t\t\t\t\t\t<\/div>\n\t\t\t\t<div class=\"elementor-element elementor-element-32b6d3a elementor-widget elementor-widget-text-editor\" data-id=\"32b6d3a\" data-element_type=\"widget\" data-e-type=\"widget\" data-widget_type=\"text-editor.default\">\n\t\t\t\t\t\t\t\t\t<p>2012<\/p>\t\t\t\t\t\t\t\t<\/div>\n\t\t\t\t<div class=\"elementor-element elementor-element-e1ecc1f elementor-widget elementor-widget-text-editor\" data-id=\"e1ecc1f\" data-element_type=\"widget\" data-e-type=\"widget\" data-widget_type=\"text-editor.default\">\n\t\t\t\t\t\t\t\t\t<p>Azur, ZhuHai &#8211; Macao, China<\/p>\t\t\t\t\t\t\t\t<\/div>\n\t\t\t\t<div class=\"elementor-element elementor-element-03c2c4c elementor-widget elementor-widget-text-editor\" data-id=\"03c2c4c\" data-element_type=\"widget\" data-e-type=\"widget\" data-widget_type=\"text-editor.default\">\n\t\t\t\t\t\t\t\t\t<p>2011<\/p>\t\t\t\t\t\t\t\t<\/div>\n\t\t\t\t<div class=\"elementor-element elementor-element-f5e0a19 elementor-widget elementor-widget-text-editor\" data-id=\"f5e0a19\" data-element_type=\"widget\" data-e-type=\"widget\" data-widget_type=\"text-editor.default\">\n\t\t\t\t\t\t\t\t\t<p>Ch\u00e2teau de Verteuil , Charente<\/p>\t\t\t\t\t\t\t\t<\/div>\n\t\t\t\t<div class=\"elementor-element elementor-element-ffa12f1 elementor-widget elementor-widget-text-editor\" data-id=\"ffa12f1\" data-element_type=\"widget\" data-e-type=\"widget\" data-widget_type=\"text-editor.default\">\n\t\t\t\t\t\t\t\t\t<p>2009<\/p>\t\t\t\t\t\t\t\t<\/div>\n\t\t\t\t<div class=\"elementor-element elementor-element-5a99d39 elementor-widget elementor-widget-text-editor\" data-id=\"5a99d39\" data-element_type=\"widget\" data-e-type=\"widget\" data-widget_type=\"text-editor.default\">\n\t\t\t\t\t\t\t\t\t<p>Ch\u00e2teau de F\u00e9lix Gaillard, Charente<\/p>\t\t\t\t\t\t\t\t<\/div>\n\t\t\t\t<div class=\"elementor-element elementor-element-c5ebf6e elementor-widget elementor-widget-text-editor\" data-id=\"c5ebf6e\" data-element_type=\"widget\" data-e-type=\"widget\" data-widget_type=\"text-editor.default\">\n\t\t\t\t\t\t\t\t\t<p>2009<\/p>\t\t\t\t\t\t\t\t<\/div>\n\t\t\t\t<div class=\"elementor-element elementor-element-3703039 elementor-widget elementor-widget-text-editor\" data-id=\"3703039\" data-element_type=\"widget\" data-e-type=\"widget\" data-widget_type=\"text-editor.default\">\n\t\t\t\t\t\t\t\t\tCh\u00e2teau de La Rochandry, Charente\t\t\t\t\t\t\t\t<\/div>\n\t\t\t\t<\/div>\n\t\t\t\t<\/div>\n\t\t\t\t\t<\/div>\n\t\t\t\t<\/div>\n\t\t<div class=\"elementor-element elementor-element-637fc73 e-flex e-con-boxed e-con e-parent\" data-id=\"637fc73\" data-element_type=\"container\" data-e-type=\"container\">\n\t\t\t\t\t<div class=\"e-con-inner\">\n\t\t\t\t<div class=\"elementor-element elementor-element-770682b elementor-widget elementor-widget-heading\" data-id=\"770682b\" data-element_type=\"widget\" data-e-type=\"widget\" data-widget_type=\"heading.default\">\n\t\t\t\t\t<h2 class=\"elementor-heading-title elementor-size-default\">S\u00c9LECTION D'EXPOSITIONS COLLECTIVES<\/h2>\t\t\t\t<\/div>\n\t\t<div class=\"elementor-element elementor-element-63cb3ee e-grid e-con-full e-con e-child\" data-id=\"63cb3ee\" data-element_type=\"container\" data-e-type=\"container\">\n\t\t<div class=\"elementor-element elementor-element-6f9760f e-grid e-con-full e-con e-child\" data-id=\"6f9760f\" data-element_type=\"container\" data-e-type=\"container\">\n\t\t\t\t<div class=\"elementor-element elementor-element-b8593ea elementor-widget elementor-widget-text-editor\" data-id=\"b8593ea\" data-element_type=\"widget\" data-e-type=\"widget\" data-widget_type=\"text-editor.default\">\n\t\t\t\t\t\t\t\t\t<p>2015<\/p>\t\t\t\t\t\t\t\t<\/div>\n\t\t\t\t<div class=\"elementor-element elementor-element-a22fcad elementor-widget elementor-widget-text-editor\" data-id=\"a22fcad\" data-element_type=\"widget\" data-e-type=\"widget\" data-widget_type=\"text-editor.default\">\n\t\t\t\t\t\t\t\t\t<p><a href=\"https:\/\/www.topmarquesmonaco.com\/en\/\" target=\"_blank\" rel=\"noopener\">Top Marques Monaco, Monte Carlo<\/a><\/p>\t\t\t\t\t\t\t\t<\/div>\n\t\t\t\t<div class=\"elementor-element elementor-element-14297c1 elementor-widget elementor-widget-text-editor\" data-id=\"14297c1\" data-element_type=\"widget\" data-e-type=\"widget\" data-widget_type=\"text-editor.default\">\n\t\t\t\t\t\t\t\t\t2014\t\t\t\t\t\t\t\t<\/div>\n\t\t\t\t<div class=\"elementor-element elementor-element-77c29d8 elementor-widget elementor-widget-text-editor\" data-id=\"77c29d8\" data-element_type=\"widget\" data-e-type=\"widget\" data-widget_type=\"text-editor.default\">\n\t\t\t\t\t\t\t\t\t<p><a href=\"https:\/\/www.faberge.com\/fr?srsltid=AfmBOooSqKgx30hyvcquqnPe8UTUe8iN872dYL3p5czp5nOyTc-dDsdB\" target=\"_blank\" rel=\"noopener\">\u201cThe Big Egg Hunt\u201d Faberg\u00e9, New York\u00a0<\/a><\/p><p>\u00a0<\/p>\t\t\t\t\t\t\t\t<\/div>\n\t\t\t\t<div class=\"elementor-element elementor-element-fd1cab3 elementor-widget elementor-widget-text-editor\" data-id=\"fd1cab3\" data-element_type=\"widget\" data-e-type=\"widget\" data-widget_type=\"text-editor.default\">\n\t\t\t\t\t\t\t\t\t2013\t\t\t\t\t\t\t\t<\/div>\n\t\t\t\t<div class=\"elementor-element elementor-element-8e8a560 elementor-widget elementor-widget-text-editor\" data-id=\"8e8a560\" data-element_type=\"widget\" data-e-type=\"widget\" data-widget_type=\"text-editor.default\">\n\t\t\t\t\t\t\t\t\t\u201cShe Views Herself\u201d AIR FRANCE , Paris\t\t\t\t\t\t\t\t<\/div>\n\t\t\t\t<div class=\"elementor-element elementor-element-9b2f27d elementor-widget elementor-widget-text-editor\" data-id=\"9b2f27d\" data-element_type=\"widget\" data-e-type=\"widget\" data-widget_type=\"text-editor.default\">\n\t\t\t\t\t\t\t\t\t<p>2013<\/p>\t\t\t\t\t\t\t\t<\/div>\n\t\t\t\t<div class=\"elementor-element elementor-element-3efc525 elementor-widget elementor-widget-text-editor\" data-id=\"3efc525\" data-element_type=\"widget\" data-e-type=\"widget\" data-widget_type=\"text-editor.default\">\n\t\t\t\t\t\t\t\t\t&#8220;L\u2019Oeuf Dans Touts Ses Etats&#8221; Drouot vente aux ench\u00e8res, Paris \t\t\t\t\t\t\t\t<\/div>\n\t\t\t\t<\/div>\n\t\t<div class=\"elementor-element elementor-element-05edfcc e-grid e-con-full e-con e-child\" data-id=\"05edfcc\" data-element_type=\"container\" data-e-type=\"container\">\n\t\t\t\t<div class=\"elementor-element elementor-element-361dbf2 elementor-widget elementor-widget-text-editor\" data-id=\"361dbf2\" data-element_type=\"widget\" data-e-type=\"widget\" data-widget_type=\"text-editor.default\">\n\t\t\t\t\t\t\t\t\t<p>2011<\/p>\t\t\t\t\t\t\t\t<\/div>\n\t\t\t\t<div class=\"elementor-element elementor-element-6990ecc elementor-widget elementor-widget-text-editor\" data-id=\"6990ecc\" data-element_type=\"widget\" data-e-type=\"widget\" data-widget_type=\"text-editor.default\">\n\t\t\t\t\t\t\t\t\t<p>Schloss Charlottenburg, Berlin, Germany<\/p>\t\t\t\t\t\t\t\t<\/div>\n\t\t\t\t<div class=\"elementor-element elementor-element-7fb5324 elementor-widget elementor-widget-text-editor\" data-id=\"7fb5324\" data-element_type=\"widget\" data-e-type=\"widget\" data-widget_type=\"text-editor.default\">\n\t\t\t\t\t\t\t\t\t<p>2018-2011<\/p>\t\t\t\t\t\t\t\t<\/div>\n\t\t\t\t<div class=\"elementor-element elementor-element-dcfe5b9 elementor-widget elementor-widget-text-editor\" data-id=\"dcfe5b9\" data-element_type=\"widget\" data-e-type=\"widget\" data-widget_type=\"text-editor.default\">\n\t\t\t\t\t\t\t\t\t<p>Salon du Patrimoine, Carrousel du Louvre, Louvre Museum, Paris<\/p>\t\t\t\t\t\t\t\t<\/div>\n\t\t\t\t<div class=\"elementor-element elementor-element-e4df228 elementor-widget elementor-widget-text-editor\" data-id=\"e4df228\" data-element_type=\"widget\" data-e-type=\"widget\" data-widget_type=\"text-editor.default\">\n\t\t\t\t\t\t\t\t\t<p>2008<\/p>\t\t\t\t\t\t\t\t<\/div>\n\t\t\t\t<div class=\"elementor-element elementor-element-8326d97 elementor-widget elementor-widget-text-editor\" data-id=\"8326d97\" data-element_type=\"widget\" data-e-type=\"widget\" data-widget_type=\"text-editor.default\">\n\t\t\t\t\t\t\t\t\t<p>Cercle d&#8217;Automobile Club, Place de la Concorde, Paris<\/p>\t\t\t\t\t\t\t\t<\/div>\n\t\t\t\t<div class=\"elementor-element elementor-element-ae05245 elementor-widget elementor-widget-text-editor\" data-id=\"ae05245\" data-element_type=\"widget\" data-e-type=\"widget\" data-widget_type=\"text-editor.default\">\n\t\t\t\t\t\t\t\t\t2008\t\t\t\t\t\t\t\t<\/div>\n\t\t\t\t<div class=\"elementor-element elementor-element-36804d3 elementor-widget elementor-widget-text-editor\" data-id=\"36804d3\" data-element_type=\"widget\" data-e-type=\"widget\" data-widget_type=\"text-editor.default\">\n\t\t\t\t\t\t\t\t\t<p>Couvent des Cordeliers, Saint-Emilion<\/p>\t\t\t\t\t\t\t\t<\/div>\n\t\t\t\t<\/div>\n\t\t\t\t<\/div>\n\t\t\t\t\t<\/div>\n\t\t\t\t<\/div>\n\t\t\t\t<\/div>","protected":false},"excerpt":{"rendered":"<p>Exhibitions SOLO EXHIBITIONS 2015 Monte Carlo Polo Cup, Monaco 2015 Arpagian &amp; Olivier Lapidus, Chagsha China 2014 Empress II, La Dur\u00e9e , Madison Avenue, New York 2014Musact Festival, OMAN 2013 Metropolitan Private Club, New York 2013 Elys\u00e9es Horlogerie, Maison de joaillerie et Horlogerie Paris 2013 Monte Carlo Polo Cup, MonacoaCh\u00e2teau Drouilles, Haute Vienne 2013 Ch\u00e2teau [&hellip;]<\/p>\n","protected":false},"author":1,"featured_media":0,"parent":0,"menu_order":0,"comment_status":"closed","ping_status":"closed","template":"","meta":{"footnotes":""},"class_list":["post-928","page","type-page","status-publish","hentry"],"_links":{"self":[{"href":"http:\/\/arpagian.com\/fr\/wp-json\/wp\/v2\/pages\/928","targetHints":{"allow":["GET"]}}],"collection":[{"href":"http:\/\/arpagian.com\/fr\/wp-json\/wp\/v2\/pages"}],"about":[{"href":"http:\/\/arpagian.com\/fr\/wp-json\/wp\/v2\/types\/page"}],"author":[{"embeddable":true,"href":"http:\/\/arpagian.com\/fr\/wp-json\/wp\/v2\/users\/1"}],"replies":[{"embeddable":true,"href":"http:\/\/arpagian.com\/fr\/wp-json\/wp\/v2\/comments?post=928"}],"version-history":[{"count":0,"href":"http:\/\/arpagian.com\/fr\/wp-json\/wp\/v2\/pages\/928\/revisions"}],"wp:attachment":[{"href":"http:\/\/arpagian.com\/fr\/wp-json\/wp\/v2\/media?parent=928"}],"curies":[{"name":"wp","href":"https:\/\/api.w.org\/{rel}","templated":true}]}}